{"id":43,"date":"2017-03-21T19:32:06","date_gmt":"2017-03-21T19:32:06","guid":{"rendered":"http:\/\/barebit.com\/cz\/?page_id=43"},"modified":"2017-03-23T16:58:22","modified_gmt":"2017-03-23T15:58:22","slug":"konzultace","status":"publish","type":"page","link":"https:\/\/barebit.com\/cz\/konzultace\/","title":{"rendered":"Konzultace"},"content":{"rendered":"<p>Bezpe\u010dnost nen\u00ed jen o penetra\u010dn\u00edm testov\u00e1n\u00ed a ochran\u011b softwaru. Dobr\u00e9 zabezpe\u010den\u00ed vy\u017eaduje pochopen\u00ed, jak funguje va\u0161e st\u00e1vaj\u00edc\u00ed infrastruktura a konkr\u00e9tn\u00ed syst\u00e9my, kter\u00e9 va\u0161e organizace pou\u017e\u00edv\u00e1.<\/p>\n<p>P\u0159edt\u00edm, ne\u017e si vyberete z na\u0161ich slu\u017eeb, je vhodn\u00e9 analyzovat va\u0161i infrastrukturu a syst\u00e9my tak, jak funguj\u00ed v sou\u010dasn\u00e9 chv\u00edli, abychom mohli vyhodnotit jejich zvl\u00e1\u0161tnosti, vyu\u017e\u00edvan\u00e9 slu\u017eby a software. To n\u00e1m odkryje citliv\u00e1 m\u00edsta, na kter\u00e1 bychom se m\u011bli zam\u011b\u0159it and l\u00e9pe se o n\u011b postarat.<\/p>\n<p>Kontaktujte n\u00e1s pro v\u00edce informac\u00ed.<\/p>\n","protected":false},"excerpt":{"rendered":"<p>Bezpe\u010dnost nen\u00ed jen o penetra\u010dn\u00edm testov\u00e1n\u00ed a ochran\u011b softwaru. Dobr\u00e9 zabezpe\u010den\u00ed vy\u017eaduje pochopen\u00ed, jak funguje va\u0161e st\u00e1vaj\u00edc\u00ed infrastruktura a konkr\u00e9tn\u00ed syst\u00e9my, kter\u00e9 va\u0161e organizace pou\u017e\u00edv\u00e1. P\u0159edt\u00edm, ne\u017e si vyberete z na\u0161ich slu\u017eeb, je vhodn\u00e9 analyzovat va\u0161i infrastrukturu a syst\u00e9my tak, jak funguj\u00ed v sou\u010dasn\u00e9 chv\u00edli, abychom mohli vyhodnotit jejich zvl\u00e1\u0161tnosti, vyu\u017e\u00edvan\u00e9 slu\u017eby a software. To [&hellip;]<\/p>\n","protected":false},"author":3,"featured_media":0,"parent":0,"menu_order":0,"comment_status":"closed","ping_status":"closed","template":"page-services.php","meta":{"_acf_changed":false,"footnotes":""},"acf":[],"_links":{"self":[{"href":"https:\/\/barebit.com\/cz\/wp-json\/wp\/v2\/pages\/43"}],"collection":[{"href":"https:\/\/barebit.com\/cz\/wp-json\/wp\/v2\/pages"}],"about":[{"href":"https:\/\/barebit.com\/cz\/wp-json\/wp\/v2\/types\/page"}],"author":[{"embeddable":true,"href":"https:\/\/barebit.com\/cz\/wp-json\/wp\/v2\/users\/3"}],"replies":[{"embeddable":true,"href":"https:\/\/barebit.com\/cz\/wp-json\/wp\/v2\/comments?post=43"}],"version-history":[{"count":5,"href":"https:\/\/barebit.com\/cz\/wp-json\/wp\/v2\/pages\/43\/revisions"}],"predecessor-version":[{"id":82,"href":"https:\/\/barebit.com\/cz\/wp-json\/wp\/v2\/pages\/43\/revisions\/82"}],"wp:attachment":[{"href":"https:\/\/barebit.com\/cz\/wp-json\/wp\/v2\/media?parent=43"}],"curies":[{"name":"wp","href":"https:\/\/api.w.org\/{rel}","templated":true}]}}