{"id":42,"date":"2017-03-21T19:31:58","date_gmt":"2017-03-21T19:31:58","guid":{"rendered":"http:\/\/barebit.com\/cz\/?page_id=42"},"modified":"2017-04-11T12:29:23","modified_gmt":"2017-04-11T10:29:23","slug":"penetracni-testovani","status":"publish","type":"page","link":"https:\/\/barebit.com\/cz\/penetracni-testovani\/","title":{"rendered":"Penetra\u010dn\u00ed testov\u00e1n\u00ed"},"content":{"rendered":"","protected":false},"excerpt":{"rendered":"","protected":false},"author":3,"featured_media":0,"parent":0,"menu_order":0,"comment_status":"closed","ping_status":"closed","template":"page-services.php","meta":{"_acf_changed":false,"footnotes":""},"acf":[],"_links":{"self":[{"href":"https:\/\/barebit.com\/cz\/wp-json\/wp\/v2\/pages\/42"}],"collection":[{"href":"https:\/\/barebit.com\/cz\/wp-json\/wp\/v2\/pages"}],"about":[{"href":"https:\/\/barebit.com\/cz\/wp-json\/wp\/v2\/types\/page"}],"author":[{"embeddable":true,"href":"https:\/\/barebit.com\/cz\/wp-json\/wp\/v2\/users\/3"}],"replies":[{"embeddable":true,"href":"https:\/\/barebit.com\/cz\/wp-json\/wp\/v2\/comments?post=42"}],"version-history":[{"count":5,"href":"https:\/\/barebit.com\/cz\/wp-json\/wp\/v2\/pages\/42\/revisions"}],"predecessor-version":[{"id":95,"href":"https:\/\/barebit.com\/cz\/wp-json\/wp\/v2\/pages\/42\/revisions\/95"}],"wp:attachment":[{"href":"https:\/\/barebit.com\/cz\/wp-json\/wp\/v2\/media?parent=42"}],"curies":[{"name":"wp","href":"https:\/\/api.w.org\/{rel}","templated":true}]}}