{"id":41,"date":"2017-03-21T19:31:54","date_gmt":"2017-03-21T19:31:54","guid":{"rendered":"http:\/\/barebit.com\/cz\/?page_id=41"},"modified":"2017-03-23T16:57:01","modified_gmt":"2017-03-23T15:57:01","slug":"ochrana-kodu","status":"publish","type":"page","link":"https:\/\/barebit.com\/cz\/ochrana-kodu\/","title":{"rendered":"Ochrana k\u00f3du"},"content":{"rendered":"<p>Ochrana va\u0161eho software p\u0159ed zcizen\u00edm informac\u00ed, \u00fapravami k\u00f3du nebo prolomen\u00edm licen\u010dn\u00edho sch\u00e9matu je skute\u010dn\u011b mo\u017en\u00e1. Pom\u00e1h\u00e1me v\u00fdrobc\u016fm softwaru naj\u00edt a implementovat takov\u00e9 ochrann\u00e9 sch\u00e9ma, kter\u00e9 odpov\u00edd\u00e1 jejich podm\u00ednk\u00e1m a pot\u0159eb\u00e1m.<\/p>\n<p><strong>Dok\u00e1\u017eeme analyzovat va\u0161i aplikaci a vyhodnotit jej\u00ed slab\u00e1 m\u00edsta. Na z\u00e1klad\u011b t\u011bchto v\u00fdsledk\u016f dok\u00e1\u017eeme doporu\u010dit nejlep\u0161\u00ed zp\u016fsob, jak ji zabezpe\u010dit, naj\u00edt ten spr\u00e1vn\u00fd protektor, nebo dokonce vyvinout nov\u00fd, pokud je to t\u0159eba.<\/strong><\/p>\n","protected":false},"excerpt":{"rendered":"<p>Ochrana va\u0161eho software p\u0159ed zcizen\u00edm informac\u00ed, \u00fapravami k\u00f3du nebo prolomen\u00edm licen\u010dn\u00edho sch\u00e9matu je skute\u010dn\u011b mo\u017en\u00e1. Pom\u00e1h\u00e1me v\u00fdrobc\u016fm softwaru naj\u00edt a implementovat takov\u00e9 ochrann\u00e9 sch\u00e9ma, kter\u00e9 odpov\u00edd\u00e1 jejich podm\u00ednk\u00e1m a pot\u0159eb\u00e1m. Dok\u00e1\u017eeme analyzovat va\u0161i aplikaci a vyhodnotit jej\u00ed slab\u00e1 m\u00edsta. Na z\u00e1klad\u011b t\u011bchto v\u00fdsledk\u016f dok\u00e1\u017eeme doporu\u010dit nejlep\u0161\u00ed zp\u016fsob, jak ji zabezpe\u010dit, naj\u00edt ten spr\u00e1vn\u00fd protektor, nebo [&hellip;]<\/p>\n","protected":false},"author":3,"featured_media":0,"parent":0,"menu_order":0,"comment_status":"closed","ping_status":"closed","template":"page-services.php","meta":{"_acf_changed":false,"footnotes":""},"acf":[],"_links":{"self":[{"href":"https:\/\/barebit.com\/cz\/wp-json\/wp\/v2\/pages\/41"}],"collection":[{"href":"https:\/\/barebit.com\/cz\/wp-json\/wp\/v2\/pages"}],"about":[{"href":"https:\/\/barebit.com\/cz\/wp-json\/wp\/v2\/types\/page"}],"author":[{"embeddable":true,"href":"https:\/\/barebit.com\/cz\/wp-json\/wp\/v2\/users\/3"}],"replies":[{"embeddable":true,"href":"https:\/\/barebit.com\/cz\/wp-json\/wp\/v2\/comments?post=41"}],"version-history":[{"count":4,"href":"https:\/\/barebit.com\/cz\/wp-json\/wp\/v2\/pages\/41\/revisions"}],"predecessor-version":[{"id":81,"href":"https:\/\/barebit.com\/cz\/wp-json\/wp\/v2\/pages\/41\/revisions\/81"}],"wp:attachment":[{"href":"https:\/\/barebit.com\/cz\/wp-json\/wp\/v2\/media?parent=41"}],"curies":[{"name":"wp","href":"https:\/\/api.w.org\/{rel}","templated":true}]}}